{"id":125,"date":"2020-06-07T18:00:46","date_gmt":"2020-06-07T18:00:46","guid":{"rendered":"https:\/\/www.tabernarayuela.com\/install\/?page_id=125"},"modified":"2021-05-30T16:31:18","modified_gmt":"2021-05-30T16:31:18","slug":"tapas","status":"publish","type":"page","link":"https:\/\/cartadigital.tabernarayuela.com\/","title":{"rendered":"Platos"},"content":{"rendered":"\n\n\n<div class=\"wp-block-group\"><div class=\"wp-block-group__inner-container is-layout-flow wp-block-group-is-layout-flow\">\n<div class=\"wp-block-columns is-layout-flex wp-container-core-columns-is-layout-9d6595d7 wp-block-columns-is-layout-flex\">\n<div class=\"wp-block-column is-vertically-aligned-top is-layout-flow wp-block-column-is-layout-flow\" style=\"flex-basis:100%\">\n<figure class=\"wp-block-table is-style-stripes\"><table><tbody><tr><td class=\"has-text-align-center\" data-align=\"center\"><strong>Platos<\/strong><\/td><td class=\"has-text-align-center\" data-align=\"center\"><strong><em>P.V.P.\u20ac<\/em><\/strong> <br>(IVA incl.)<\/td><\/tr><tr><td class=\"has-text-align-center\" data-align=\"center\">Mortero de guacamole con totopos<\/td><td class=\"has-text-align-center\" data-align=\"center\">13,00<\/td><\/tr><tr><td class=\"has-text-align-center\" data-align=\"center\">Hummus de garbanzos y nachos tex-mex<\/td><td class=\"has-text-align-center\" data-align=\"center\">11,50<\/td><\/tr><tr><td class=\"has-text-align-center\" data-align=\"center\">Jam\u00f3n ib\u00e9rico<\/td><td class=\"has-text-align-center\" data-align=\"center\">23,80<\/td><\/tr><tr><td class=\"has-text-align-center\" data-align=\"center\">Lomo ib\u00e9rico<\/td><td class=\"has-text-align-center\" data-align=\"center\">21,60<\/td><\/tr><tr><td class=\"has-text-align-center\" data-align=\"center\">Queso manchego de oveja curado<\/td><td class=\"has-text-align-center\" data-align=\"center\">15,40<\/td><\/tr><tr><td class=\"has-text-align-center\" data-align=\"center\">Morcilla de Burgos con pimiento piquillo<\/td><td class=\"has-text-align-center\" data-align=\"center\">11,60<\/td><\/tr><tr><td class=\"has-text-align-center\" data-align=\"center\">Chistorra de Navarra crujiente<\/td><td class=\"has-text-align-center\" data-align=\"center\">11,40<\/td><\/tr><tr><td class=\"has-text-align-center\" data-align=\"center\">Tortilla de patatas<\/td><td class=\"has-text-align-center\" data-align=\"center\">13,30<\/td><\/tr><tr><td class=\"has-text-align-center\" data-align=\"center\">Croquetas de jam\u00f3n (raci\u00f3n)<\/td><td class=\"has-text-align-center\" data-align=\"center\">12,60<\/td><\/tr><tr><td class=\"has-text-align-center\" data-align=\"center\">Pollo Tandoori y raita de pepino<\/td><td class=\"has-text-align-center\" data-align=\"center\">15,60<\/td><\/tr><tr><td class=\"has-text-align-center\" data-align=\"center\">Samosas indias de patatas y guisantes<\/td><td class=\"has-text-align-center\" data-align=\"center\">11,30<\/td><\/tr><tr><td class=\"has-text-align-center\" data-align=\"center\">Alb\u00f3ndigas 5 especias chinas y berenjenas<\/td><td class=\"has-text-align-center\" data-align=\"center\">15,50<\/td><\/tr><tr><td class=\"has-text-align-center\" data-align=\"center\">Langostinos Tokio, soja y jengibre<\/td><td class=\"has-text-align-center\" data-align=\"center\">14,20<\/td><\/tr><tr><td class=\"has-text-align-center\" data-align=\"center\">Burger de luxe<\/td><td class=\"has-text-align-center\" data-align=\"center\">15,60<\/td><\/tr><tr><td class=\"has-text-align-center\" data-align=\"center\">Burger con patatas fritas<\/td><td class=\"has-text-align-center\" data-align=\"center\">14,40<\/td><\/tr><\/tbody><\/table><\/figure>\n\n\n\n<p><\/p>\n<\/div>\n<\/div>\n<\/div><\/div>\n\n\n\n<ul class=\"wp-block-social-links aligncenter is-style-pill-shape is-layout-flex wp-block-social-links-is-layout-flex\"><li class=\"wp-social-link wp-social-link-facebook  wp-block-social-link\"><a href=\"https:\/\/www.facebook.com\/TabernaRayuela\" class=\"wp-block-social-link-anchor\"><svg width=\"24\" height=\"24\" viewBox=\"0 0 24 24\" version=\"1.1\" xmlns=\"http:\/\/www.w3.org\/2000\/svg\" aria-hidden=\"true\" focusable=\"false\"><path d=\"M12 2C6.5 2 2 6.5 2 12c0 5 3.7 9.1 8.4 9.9v-7H7.9V12h2.5V9.8c0-2.5 1.5-3.9 3.8-3.9 1.1 0 2.2.2 2.2.2v2.5h-1.3c-1.2 0-1.6.8-1.6 1.6V12h2.8l-.4 2.9h-2.3v7C18.3 21.1 22 17 22 12c0-5.5-4.5-10-10-10z\"><\/path><\/svg><span class=\"wp-block-social-link-label screen-reader-text\">Facebook<\/span><\/a><\/li>\n\n<li class=\"wp-social-link wp-social-link-twitter  wp-block-social-link\"><a href=\"https:\/\/twitter.com\/TabernaRayuela\" class=\"wp-block-social-link-anchor\"><svg width=\"24\" height=\"24\" viewBox=\"0 0 24 24\" version=\"1.1\" xmlns=\"http:\/\/www.w3.org\/2000\/svg\" aria-hidden=\"true\" focusable=\"false\"><path d=\"M22.23,5.924c-0.736,0.326-1.527,0.547-2.357,0.646c0.847-0.508,1.498-1.312,1.804-2.27 c-0.793,0.47-1.671,0.812-2.606,0.996C18.324,4.498,17.257,4,16.077,4c-2.266,0-4.103,1.837-4.103,4.103 c0,0.322,0.036,0.635,0.106,0.935C8.67,8.867,5.647,7.234,3.623,4.751C3.27,5.357,3.067,6.062,3.067,6.814 c0,1.424,0.724,2.679,1.825,3.415c-0.673-0.021-1.305-0.206-1.859-0.513c0,0.017,0,0.034,0,0.052c0,1.988,1.414,3.647,3.292,4.023 c-0.344,0.094-0.707,0.144-1.081,0.144c-0.264,0-0.521-0.026-0.772-0.074c0.522,1.63,2.038,2.816,3.833,2.85 c-1.404,1.1-3.174,1.756-5.096,1.756c-0.331,0-0.658-0.019-0.979-0.057c1.816,1.164,3.973,1.843,6.29,1.843 c7.547,0,11.675-6.252,11.675-11.675c0-0.178-0.004-0.355-0.012-0.531C20.985,7.47,21.68,6.747,22.23,5.924z\"><\/path><\/svg><span class=\"wp-block-social-link-label screen-reader-text\">Twitter<\/span><\/a><\/li>\n\n<li class=\"wp-social-link wp-social-link-instagram  wp-block-social-link\"><a href=\"https:\/\/www.instagram.com\/tabernarayuela\" class=\"wp-block-social-link-anchor\"><svg width=\"24\" height=\"24\" viewBox=\"0 0 24 24\" version=\"1.1\" xmlns=\"http:\/\/www.w3.org\/2000\/svg\" aria-hidden=\"true\" focusable=\"false\"><path d=\"M12,4.622c2.403,0,2.688,0.009,3.637,0.052c0.877,0.04,1.354,0.187,1.671,0.31c0.42,0.163,0.72,0.358,1.035,0.673 c0.315,0.315,0.51,0.615,0.673,1.035c0.123,0.317,0.27,0.794,0.31,1.671c0.043,0.949,0.052,1.234,0.052,3.637 s-0.009,2.688-0.052,3.637c-0.04,0.877-0.187,1.354-0.31,1.671c-0.163,0.42-0.358,0.72-0.673,1.035 c-0.315,0.315-0.615,0.51-1.035,0.673c-0.317,0.123-0.794,0.27-1.671,0.31c-0.949,0.043-1.233,0.052-3.637,0.052 s-2.688-0.009-3.637-0.052c-0.877-0.04-1.354-0.187-1.671-0.31c-0.42-0.163-0.72-0.358-1.035-0.673 c-0.315-0.315-0.51-0.615-0.673-1.035c-0.123-0.317-0.27-0.794-0.31-1.671C4.631,14.688,4.622,14.403,4.622,12 s0.009-2.688,0.052-3.637c0.04-0.877,0.187-1.354,0.31-1.671c0.163-0.42,0.358-0.72,0.673-1.035 c0.315-0.315,0.615-0.51,1.035-0.673c0.317-0.123,0.794-0.27,1.671-0.31C9.312,4.631,9.597,4.622,12,4.622 M12,3 C9.556,3,9.249,3.01,8.289,3.054C7.331,3.098,6.677,3.25,6.105,3.472C5.513,3.702,5.011,4.01,4.511,4.511 c-0.5,0.5-0.808,1.002-1.038,1.594C3.25,6.677,3.098,7.331,3.054,8.289C3.01,9.249,3,9.556,3,12c0,2.444,0.01,2.751,0.054,3.711 c0.044,0.958,0.196,1.612,0.418,2.185c0.23,0.592,0.538,1.094,1.038,1.594c0.5,0.5,1.002,0.808,1.594,1.038 c0.572,0.222,1.227,0.375,2.185,0.418C9.249,20.99,9.556,21,12,21s2.751-0.01,3.711-0.054c0.958-0.044,1.612-0.196,2.185-0.418 c0.592-0.23,1.094-0.538,1.594-1.038c0.5-0.5,0.808-1.002,1.038-1.594c0.222-0.572,0.375-1.227,0.418-2.185 C20.99,14.751,21,14.444,21,12s-0.01-2.751-0.054-3.711c-0.044-0.958-0.196-1.612-0.418-2.185c-0.23-0.592-0.538-1.094-1.038-1.594 c-0.5-0.5-1.002-0.808-1.594-1.038c-0.572-0.222-1.227-0.375-2.185-0.418C14.751,3.01,14.444,3,12,3L12,3z M12,7.378 c-2.552,0-4.622,2.069-4.622,4.622S9.448,16.622,12,16.622s4.622-2.069,4.622-4.622S14.552,7.378,12,7.378z M12,15 c-1.657,0-3-1.343-3-3s1.343-3,3-3s3,1.343,3,3S13.657,15,12,15z M16.804,6.116c-0.596,0-1.08,0.484-1.08,1.08 s0.484,1.08,1.08,1.08c0.596,0,1.08-0.484,1.08-1.08S17.401,6.116,16.804,6.116z\"><\/path><\/svg><span class=\"wp-block-social-link-label screen-reader-text\">Instagram<\/span><\/a><\/li><\/ul>\n\n\n\n<h4 class=\"has-text-align-center wp-block-heading\">Calle de la Morer\u00eda, 8 &#8211; 913 658 276 <\/h4>\n\n\n\n<p><\/p>\n","protected":false},"excerpt":{"rendered":"<p>Platos P.V.P.\u20ac (IVA incl.) Mortero de guacamole con totopos 13,00 Hummus de garbanzos y nachos tex-mex 11,50 Jam\u00f3n ib\u00e9rico 23,80 Lomo ib\u00e9rico 21,60 Queso manchego de oveja curado 15,40 Morcilla de Burgos con pimiento piquillo 11,60 Chistorra de Navarra crujiente 11,40 Tortilla de patatas 13,30 Croquetas de jam\u00f3n (raci\u00f3n) 12,60 Pollo Tandoori y raita de [&hellip;]<\/p>\n","protected":false},"author":1,"featured_media":0,"parent":0,"menu_order":0,"comment_status":"closed","ping_status":"closed","template":"","meta":{"footnotes":""},"class_list":["post-125","page","type-page","status-publish","hentry"],"_links":{"self":[{"href":"https:\/\/cartadigital.tabernarayuela.com\/index.php?rest_route=\/wp\/v2\/pages\/125","targetHints":{"allow":["GET"]}}],"collection":[{"href":"https:\/\/cartadigital.tabernarayuela.com\/index.php?rest_route=\/wp\/v2\/pages"}],"about":[{"href":"https:\/\/cartadigital.tabernarayuela.com\/index.php?rest_route=\/wp\/v2\/types\/page"}],"author":[{"embeddable":true,"href":"https:\/\/cartadigital.tabernarayuela.com\/index.php?rest_route=\/wp\/v2\/users\/1"}],"replies":[{"embeddable":true,"href":"https:\/\/cartadigital.tabernarayuela.com\/index.php?rest_route=%2Fwp%2Fv2%2Fcomments&post=125"}],"version-history":[{"count":39,"href":"https:\/\/cartadigital.tabernarayuela.com\/index.php?rest_route=\/wp\/v2\/pages\/125\/revisions"}],"predecessor-version":[{"id":389,"href":"https:\/\/cartadigital.tabernarayuela.com\/index.php?rest_route=\/wp\/v2\/pages\/125\/revisions\/389"}],"wp:attachment":[{"href":"https:\/\/cartadigital.tabernarayuela.com\/index.php?rest_route=%2Fwp%2Fv2%2Fmedia&parent=125"}],"curies":[{"name":"wp","href":"https:\/\/api.w.org\/{rel}","templated":true}]}}